{"id":47,"date":"2024-08-31T18:30:27","date_gmt":"2024-08-31T16:30:27","guid":{"rendered":"https:\/\/aneri.isialab.it\/lungarno\/?page_id=47"},"modified":"2024-09-18T20:58:08","modified_gmt":"2024-09-18T18:58:08","slug":"contatti","status":"publish","type":"page","link":"https:\/\/aneri.isialab.it\/lungarno\/contatti\/","title":{"rendered":"Contatti Lungarno"},"content":{"rendered":"\n<div class=\"wp-block-uagb-container uagb-block-73722171 alignfull uagb-is-root-container\">\n<div class=\"uagb-position__sticky wp-block-uagb-container uagb-block-5021cd80\">\n<div class=\"wp-block-uagb-container uagb-block-d23adac0\">\n<div class=\"wp-block-uagb-container uagb-block-1148fad9\">\n<div class=\"wp-block-uagb-advanced-heading uagb-block-fed76ba9\"><h2 class=\"uagb-heading-text\">CONTATTI LUNGARNO<\/h2><\/div>\n<\/div>\n<\/div>\n<\/div>\n<\/div>\n\n\n\n<div class=\"wp-block-uagb-container uagb-block-b6a379e4 alignfull uagb-is-root-container\"><div class=\"uagb-container-inner-blocks-wrap\">\n<div class=\"wp-block-uagb-container uagb-block-b4888874\">\n<div class=\"wp-block-uagb-container uagb-block-9120cbbd\">\n<div class=\"wp-block-uagb-advanced-heading uagb-block-0e9c2b65\"><h2 class=\"uagb-heading-text\">NON SIAMO DEGLI EXTRATERRESTRI, SCRIVICI!<\/h2><\/div>\n<\/div>\n<\/div>\n<\/div><\/div>\n\n\n\n<div class=\"wp-block-uagb-container uagb-block-dbaeab44 alignfull uagb-is-root-container\"><div class=\"uagb-container-inner-blocks-wrap\">\n<p class=\"has-text-align-center has-medium-font-size\">Sei nella sezione contatti di Lungarno, ma hai capito<br>cosa facciamo? Ecco un brevissimo recap! <\/p>\n\n\n\n<p class=\"has-text-align-center\">Lungarno \u00e8 un magazine di arte e cultura. Usciamo ogni mese con oltre 5 mila copie in distribuzione su Firenze. Ci trovate in oltre 300 spazi culturali e associativi della citt\u00e0 con una distribuzione ecologica grazie a <a href=\"https:\/\/www.ecopony.it\/\" target=\"_blank\" rel=\"noreferrer noopener\">Ecopony<\/a>! Sulle nostre pagine scrivono giornalist*, scrittor*, critic* ma anche persone alle prime esperienze con la penna che, grazie al lavoro di squadra, riescono ad acquisire nuove competenze e a crescere insieme alla redazione. Nasciamo nel 2012 con lo storico concerto dei Radiohead a Firenze, un evento importante per la citt\u00e0 che ha suggerito a un gruppo di 4 giovani ragazzi di dare vita a un progetto editoriale per chi volesse conoscere e approfondire l&#8217;offerta culturale fiorentina. C&#8217;\u00e8 qualcun* che dice che <a href=\"https:\/\/aneri.isialab.it\/lungarno\/i-nostri-eventi\/\">a Firenze non c&#8217;\u00e8 mai niente da fare<\/a> ma le nostre pagine sono la dimostrazione che questa citt\u00e0 \u00e8 pi\u00f9 viva che mai. E proprio questo modo di dire \u00e8 diventato il nostro claim per gli eventi che organizziamo ogni mese in citt\u00e0, coinvolgendo l* protagonist* del cartaceo in uscita e visitando con un po&#8217; di nomadismo tutte le realt\u00e0 culturali pi\u00f9 interessanti di Firenze. Se sei qui, forse anche tu sei d&#8217;accordo con noi. Scrivici, i contatti di Lungarno sono proprio qui \ud83d\udc47\ud83c\udffc<\/p>\n<\/div><\/div>\n\n\n\n<div class=\"wp-block-uagb-container uagb-block-43fda6b6 alignfull uagb-is-root-container\">\n<div class=\"wp-block-uagb-container uagb-block-7e854ca7\">\n<p class=\"has-text-align-center has-medium-font-size\"><strong>Hai un evento da segnalare?&nbsp;<\/strong><br><a href=\"mailto:eventi@lungarnofirenze.it\" target=\"_blank\" rel=\"noreferrer noopener\"><em>eventi@lungarnofirenze.it<\/em><\/a><\/p>\n\n\n\n<p class=\"has-text-align-center has-medium-font-size\"><strong>Hai idee, progetti, o semplicemente vuoi <\/strong><br><strong>raccontarci la tua storia?\u00a0<\/strong><br><a href=\"mailto:scrivi@lungarnofirenze.it\" target=\"_blank\" rel=\"noreferrer noopener\"><em>scrivi@lungarnofirenze.it<\/em><\/a><\/p>\n\n\n\n<p class=\"has-text-align-center has-medium-font-size\">Vuoi collaborare con la nostra rivista? <br><a href=\"mailto:scrivi@lungarnofirenze.it\" target=\"_blank\" rel=\"noreferrer noopener\"><em>scrivi@lungarnofirenze.it<\/em><\/a><\/p>\n\n\n\n<p class=\"has-text-align-center has-medium-font-size\"><strong>Vuoi la tua pubblicit\u00e0 su Lungarno?<br><\/strong><a href=\"mailto:adv@lungarnofirenze.it\" target=\"_blank\" rel=\"noreferrer noopener\"><em>adv@lungarnofirenze.it<\/em><\/a><\/p>\n<\/div>\n<\/div>\n\n\n\n<div class=\"wp-block-uagb-container uagb-block-17f10a66 alignfull uagb-is-root-container\"><div class=\"uagb-container-inner-blocks-wrap\">\n<div class=\"wp-block-uagb-separator uagb-block-31ac9b3b\"><div class=\"uagb-separator-spacing-wrapper\"><div class=\"wp-block-uagb-separator__inner\" style=\"--my-background-image:\"><\/div><\/div><\/div>\n<\/div><\/div>\n\n\n\n<div class=\"wp-block-uagb-container uagb-block-62d08a28 alignfull uagb-is-root-container\"><div class=\"uagb-container-inner-blocks-wrap\">\n<div class=\"wp-block-uagb-container uagb-block-8f1cb29a\">\n<div class=\"wp-block-uagb-advanced-heading uagb-block-685fe630\"><h2 class=\"uagb-heading-text\">&#8230;E SEGUICI!<\/h2><\/div>\n<\/div>\n\n\n\n<div class=\"wp-block-uagb-container uagb-block-401819b5 alignfull uagb-is-root-container\"><div class=\"uagb-container-inner-blocks-wrap\">\n<div class=\"wp-block-uagb-container uagb-block-14cb5ea6\">      \n\t\t\t<div class=\"uagb-icon-wrapper uagb-block-18e81e7d  \"\t>\n\t\t\t\t\t\t\t\t\t<span class=\"uagb-svg-wrapper\" \n\t\t\t\t\t aria-label=\"facebook\"\t\t\t\t\ttabindex=\"0\">\t\t\n\t\t\t\t\t\t\t\t\t\t<a rel=\"noopener noreferrer\" href=\"https:\/\/www.facebook.com\/lungarnofirenze\/?locale=it_IT\" target=\"_blank\"><svg xmlns=\"https:\/\/www.w3.org\/2000\/svg\" viewBox= \"0 0 512 512\" role=\"graphics-symbol\" aria-hidden=\"false\" aria-label=\"\"><path d=\"M504 256C504 119 393 8 256 8S8 119 8 256c0 123.8 90.69 226.4 209.3 245V327.7h-63V256h63v-54.64c0-62.15 37-96.48 93.67-96.48 27.14 0 55.52 4.84 55.52 4.84v61h-31.28c-30.8 0-40.41 19.12-40.41 38.73V256h68.78l-11 71.69h-57.78V501C413.3 482.4 504 379.8 504 256z\"><\/path><\/svg><\/a>\n\t\t\t\t\t\t\t\t\t<\/span>\n\t\t\t\t\t\t\t<\/div>\n\t\t\t<\/div>\n\n\n\n<div class=\"wp-block-uagb-container uagb-block-b9bb40b9\">      \n\t\t\t<div class=\"uagb-icon-wrapper uagb-block-4d54db19  \"\t>\n\t\t\t\t\t\t\t\t\t<span class=\"uagb-svg-wrapper\" \n\t\t\t\t\t aria-label=\"instagram\"\t\t\t\t\ttabindex=\"0\">\t\t\n\t\t\t\t\t\t\t\t\t\t<a rel=\"noopener noreferrer\" href=\"https:\/\/www.instagram.com\/lungarnofirenze\/?hl=en\" target=\"_blank\"><svg xmlns=\"https:\/\/www.w3.org\/2000\/svg\" viewBox= \"0 0 448 512\" role=\"graphics-symbol\" aria-hidden=\"false\" aria-label=\"\"><path d=\"M224.1 141c-63.6 0-114.9 51.3-114.9 114.9s51.3 114.9 114.9 114.9S339 319.5 339 255.9 287.7 141 224.1 141zm0 189.6c-41.1 0-74.7-33.5-74.7-74.7s33.5-74.7 74.7-74.7 74.7 33.5 74.7 74.7-33.6 74.7-74.7 74.7zm146.4-194.3c0 14.9-12 26.8-26.8 26.8-14.9 0-26.8-12-26.8-26.8s12-26.8 26.8-26.8 26.8 12 26.8 26.8zm76.1 27.2c-1.7-35.9-9.9-67.7-36.2-93.9-26.2-26.2-58-34.4-93.9-36.2-37-2.1-147.9-2.1-184.9 0-35.8 1.7-67.6 9.9-93.9 36.1s-34.4 58-36.2 93.9c-2.1 37-2.1 147.9 0 184.9 1.7 35.9 9.9 67.7 36.2 93.9s58 34.4 93.9 36.2c37 2.1 147.9 2.1 184.9 0 35.9-1.7 67.7-9.9 93.9-36.2 26.2-26.2 34.4-58 36.2-93.9 2.1-37 2.1-147.8 0-184.8zM398.8 388c-7.8 19.6-22.9 34.7-42.6 42.6-29.5 11.7-99.5 9-132.1 9s-102.7 2.6-132.1-9c-19.6-7.8-34.7-22.9-42.6-42.6-11.7-29.5-9-99.5-9-132.1s-2.6-102.7 9-132.1c7.8-19.6 22.9-34.7 42.6-42.6 29.5-11.7 99.5-9 132.1-9s102.7-2.6 132.1 9c19.6 7.8 34.7 22.9 42.6 42.6 11.7 29.5 9 99.5 9 132.1s2.7 102.7-9 132.1z\"><\/path><\/svg><\/a>\n\t\t\t\t\t\t\t\t\t<\/span>\n\t\t\t\t\t\t\t<\/div>\n\t\t\t<\/div>\n\n\n\n<div class=\"wp-block-uagb-container uagb-block-d6c38db2\">      \n\t\t\t<div class=\"uagb-icon-wrapper uagb-block-bcf36f43  \"\t>\n\t\t\t\t\t\t\t\t\t<span class=\"uagb-svg-wrapper\" \n\t\t\t\t\t aria-label=\"x-twitter\"\t\t\t\t\ttabindex=\"0\">\t\t\n\t\t\t\t\t\t\t\t\t\t<a rel=\"noopener noreferrer\" href=\"https:\/\/twitter.com\/lungarnofirenze\" target=\"_blank\"><svg xmlns=\"https:\/\/www.w3.org\/2000\/svg\" viewBox= \"0 0 512 512\" role=\"graphics-symbol\" aria-hidden=\"false\" aria-label=\"\"><path d=\"M389.2 48h70.6L305.6 224.2 487 464H345L233.7 318.6 106.5 464H35.8L200.7 275.5 26.8 48H172.4L272.9 180.9 389.2 48zM364.4 421.8h39.1L151.1 88h-42L364.4 421.8z\"><\/path><\/svg><\/a>\n\t\t\t\t\t\t\t\t\t<\/span>\n\t\t\t\t\t\t\t<\/div>\n\t\t\t<\/div>\n<\/div><\/div>\n<\/div><\/div>\n\n\n\n<p class=\"has-ast-global-color-5-color has-text-color has-link-color wp-elements-041961107d87c9d9f91e7ccdc2262c67\"><\/p>\n\n\n\n<p><\/p>\n","protected":false},"excerpt":{"rendered":"<p>CONTATTI LUNGARNO NON SIAMO DEGLI EXTRATERRESTRI, SCRIVICI! Sei nella sezione contatti di Lungarno, ma hai capitocosa facciamo? Ecco un brevissimo [&hellip;]<\/p>\n","protected":false},"author":1,"featured_media":0,"parent":0,"menu_order":0,"comment_status":"closed","ping_status":"closed","template":"","meta":{"_acf_changed":false,"inline_featured_image":false,"_uag_custom_page_level_css":"","site-sidebar-layout":"default","site-content-layout":"","ast-site-content-layout":"","site-content-style":"default","site-sidebar-style":"default","ast-global-header-display":"","ast-banner-title-visibility":"","ast-main-header-display":"","ast-hfb-above-header-display":"","ast-hfb-below-header-display":"","ast-hfb-mobile-header-display":"","site-post-title":"disabled","ast-breadcrumbs-content":"","ast-featured-img":"","footer-sml-layout":"","theme-transparent-header-meta":"","adv-header-id-meta":"","stick-header-meta":"","header-above-stick-meta":"","header-main-stick-meta":"","header-below-stick-meta":"","astra-migrate-meta-layouts":"default","ast-page-background-enabled":"default","ast-page-background-meta":{"desktop":{"background-color":"var(--ast-global-color-4)","background-image":"","background-repeat":"repeat","background-position":"center center","background-size":"auto","background-attachment":"scroll","background-type":"","background-media":"","overlay-type":"","overlay-color":"","overlay-opacity":"","overlay-gradient":""},"tablet":{"background-color":"","background-image":"","background-repeat":"repeat","background-position":"center center","background-size":"auto","background-attachment":"scroll","background-type":"","background-media":"","overlay-type":"","overlay-color":"","overlay-opacity":"","overlay-gradient":""},"mobile":{"background-color":"","background-image":"","background-repeat":"repeat","background-position":"center center","background-size":"auto","background-attachment":"scroll","background-type":"","background-media":"","overlay-type":"","overlay-color":"","overlay-opacity":"","overlay-gradient":""}},"ast-content-background-meta":{"desktop":{"background-color":"var(--ast-global-color-5)","background-image":"","background-repeat":"repeat","background-position":"center center","background-size":"auto","background-attachment":"scroll","background-type":"","background-media":"","overlay-type":"","overlay-color":"","overlay-opacity":"","overlay-gradient":""},"tablet":{"background-color":"var(--ast-global-color-5)","background-image":"","background-repeat":"repeat","background-position":"center center","background-size":"auto","background-attachment":"scroll","background-type":"","background-media":"","overlay-type":"","overlay-color":"","overlay-opacity":"","overlay-gradient":""},"mobile":{"background-color":"var(--ast-global-color-5)","background-image":"","background-repeat":"repeat","background-position":"center center","background-size":"auto","background-attachment":"scroll","background-type":"","background-media":"","overlay-type":"","overlay-color":"","overlay-opacity":"","overlay-gradient":""}},"footnotes":""},"class_list":["post-47","page","type-page","status-publish","hentry"],"acf":[],"yoast_head":"<!-- This site is optimized with the Yoast SEO plugin v23.4 - https:\/\/yoast.com\/wordpress\/plugins\/seo\/ -->\n<title>Contatti Lungarno<\/title>\n<meta name=\"description\" content=\"I contatti di Lungarno sono sempre a portata di mano. Scrivici per incontrarci, scrivere, collaborare o per richiedere una pubblicit\u00e0\" \/>\n<meta name=\"robots\" content=\"index, follow, max-snippet:-1, max-image-preview:large, max-video-preview:-1\" \/>\n<link rel=\"canonical\" href=\"https:\/\/aneri.isialab.it\/lungarno\/contatti\/\" \/>\n<meta property=\"og:locale\" content=\"it_IT\" \/>\n<meta property=\"og:type\" content=\"article\" \/>\n<meta property=\"og:title\" content=\"Contatti Lungarno\" \/>\n<meta property=\"og:description\" content=\"I contatti di Lungarno sono sempre a portata di mano. Scrivici per incontrarci, scrivere, collaborare o per richiedere una pubblicit\u00e0\" \/>\n<meta property=\"og:url\" content=\"https:\/\/aneri.isialab.it\/lungarno\/contatti\/\" \/>\n<meta property=\"og:site_name\" content=\"Lungarno Magazine\" \/>\n<meta property=\"article:publisher\" content=\"https:\/\/www.facebook.com\/lungarnofirenze\/\" \/>\n<meta property=\"article:modified_time\" content=\"2024-09-18T18:58:08+00:00\" \/>\n<meta name=\"twitter:card\" content=\"summary_large_image\" \/>\n<meta name=\"twitter:site\" content=\"@LungarnoFirenze\" \/>\n<meta name=\"twitter:label1\" content=\"Tempo di lettura stimato\" \/>\n\t<meta name=\"twitter:data1\" content=\"2 minuti\" \/>\n<script type=\"application\/ld+json\" class=\"yoast-schema-graph\">{\"@context\":\"https:\/\/schema.org\",\"@graph\":[{\"@type\":\"WebPage\",\"@id\":\"https:\/\/aneri.isialab.it\/lungarno\/contatti\/\",\"url\":\"https:\/\/aneri.isialab.it\/lungarno\/contatti\/\",\"name\":\"Contatti Lungarno\",\"isPartOf\":{\"@id\":\"https:\/\/aneri.isialab.it\/lungarno\/#website\"},\"datePublished\":\"2024-08-31T16:30:27+00:00\",\"dateModified\":\"2024-09-18T18:58:08+00:00\",\"description\":\"I contatti di Lungarno sono sempre a portata di mano. Scrivici per incontrarci, scrivere, collaborare o per richiedere una pubblicit\u00e0\",\"breadcrumb\":{\"@id\":\"https:\/\/aneri.isialab.it\/lungarno\/contatti\/#breadcrumb\"},\"inLanguage\":\"it-IT\",\"potentialAction\":[{\"@type\":\"ReadAction\",\"target\":[\"https:\/\/aneri.isialab.it\/lungarno\/contatti\/\"]}]},{\"@type\":\"BreadcrumbList\",\"@id\":\"https:\/\/aneri.isialab.it\/lungarno\/contatti\/#breadcrumb\",\"itemListElement\":[{\"@type\":\"ListItem\",\"position\":1,\"name\":\"Home\",\"item\":\"https:\/\/aneri.isialab.it\/lungarno\/\"},{\"@type\":\"ListItem\",\"position\":2,\"name\":\"Contatti Lungarno\"}]},{\"@type\":\"WebSite\",\"@id\":\"https:\/\/aneri.isialab.it\/lungarno\/#website\",\"url\":\"https:\/\/aneri.isialab.it\/lungarno\/\",\"name\":\"Lungarno Magazine\",\"description\":\"\",\"publisher\":{\"@id\":\"https:\/\/aneri.isialab.it\/lungarno\/#organization\"},\"potentialAction\":[{\"@type\":\"SearchAction\",\"target\":{\"@type\":\"EntryPoint\",\"urlTemplate\":\"https:\/\/aneri.isialab.it\/lungarno\/?s={search_term_string}\"},\"query-input\":{\"@type\":\"PropertyValueSpecification\",\"valueRequired\":true,\"valueName\":\"search_term_string\"}}],\"inLanguage\":\"it-IT\"},{\"@type\":\"Organization\",\"@id\":\"https:\/\/aneri.isialab.it\/lungarno\/#organization\",\"name\":\"Lungarno Magazine\",\"url\":\"https:\/\/aneri.isialab.it\/lungarno\/\",\"logo\":{\"@type\":\"ImageObject\",\"inLanguage\":\"it-IT\",\"@id\":\"https:\/\/aneri.isialab.it\/lungarno\/#\/schema\/logo\/image\/\",\"url\":\"https:\/\/aneri.isialab.it\/lungarno\/wp-content\/uploads\/2024\/08\/Lungarno-nero.png\",\"contentUrl\":\"https:\/\/aneri.isialab.it\/lungarno\/wp-content\/uploads\/2024\/08\/Lungarno-nero.png\",\"width\":563,\"height\":109,\"caption\":\"Lungarno Magazine\"},\"image\":{\"@id\":\"https:\/\/aneri.isialab.it\/lungarno\/#\/schema\/logo\/image\/\"},\"sameAs\":[\"https:\/\/www.facebook.com\/lungarnofirenze\/\",\"https:\/\/x.com\/LungarnoFirenze\",\"https:\/\/www.instagram.com\/lungarnofirenze\/\"]}]}<\/script>\n<!-- \/ Yoast SEO plugin. -->","yoast_head_json":{"title":"Contatti Lungarno","description":"I contatti di Lungarno sono sempre a portata di mano. Scrivici per incontrarci, scrivere, collaborare o per richiedere una pubblicit\u00e0","robots":{"index":"index","follow":"follow","max-snippet":"max-snippet:-1","max-image-preview":"max-image-preview:large","max-video-preview":"max-video-preview:-1"},"canonical":"https:\/\/aneri.isialab.it\/lungarno\/contatti\/","og_locale":"it_IT","og_type":"article","og_title":"Contatti Lungarno","og_description":"I contatti di Lungarno sono sempre a portata di mano. Scrivici per incontrarci, scrivere, collaborare o per richiedere una pubblicit\u00e0","og_url":"https:\/\/aneri.isialab.it\/lungarno\/contatti\/","og_site_name":"Lungarno Magazine","article_publisher":"https:\/\/www.facebook.com\/lungarnofirenze\/","article_modified_time":"2024-09-18T18:58:08+00:00","twitter_card":"summary_large_image","twitter_site":"@LungarnoFirenze","twitter_misc":{"Tempo di lettura stimato":"2 minuti"},"schema":{"@context":"https:\/\/schema.org","@graph":[{"@type":"WebPage","@id":"https:\/\/aneri.isialab.it\/lungarno\/contatti\/","url":"https:\/\/aneri.isialab.it\/lungarno\/contatti\/","name":"Contatti Lungarno","isPartOf":{"@id":"https:\/\/aneri.isialab.it\/lungarno\/#website"},"datePublished":"2024-08-31T16:30:27+00:00","dateModified":"2024-09-18T18:58:08+00:00","description":"I contatti di Lungarno sono sempre a portata di mano. Scrivici per incontrarci, scrivere, collaborare o per richiedere una pubblicit\u00e0","breadcrumb":{"@id":"https:\/\/aneri.isialab.it\/lungarno\/contatti\/#breadcrumb"},"inLanguage":"it-IT","potentialAction":[{"@type":"ReadAction","target":["https:\/\/aneri.isialab.it\/lungarno\/contatti\/"]}]},{"@type":"BreadcrumbList","@id":"https:\/\/aneri.isialab.it\/lungarno\/contatti\/#breadcrumb","itemListElement":[{"@type":"ListItem","position":1,"name":"Home","item":"https:\/\/aneri.isialab.it\/lungarno\/"},{"@type":"ListItem","position":2,"name":"Contatti Lungarno"}]},{"@type":"WebSite","@id":"https:\/\/aneri.isialab.it\/lungarno\/#website","url":"https:\/\/aneri.isialab.it\/lungarno\/","name":"Lungarno Magazine","description":"","publisher":{"@id":"https:\/\/aneri.isialab.it\/lungarno\/#organization"},"potentialAction":[{"@type":"SearchAction","target":{"@type":"EntryPoint","urlTemplate":"https:\/\/aneri.isialab.it\/lungarno\/?s={search_term_string}"},"query-input":{"@type":"PropertyValueSpecification","valueRequired":true,"valueName":"search_term_string"}}],"inLanguage":"it-IT"},{"@type":"Organization","@id":"https:\/\/aneri.isialab.it\/lungarno\/#organization","name":"Lungarno Magazine","url":"https:\/\/aneri.isialab.it\/lungarno\/","logo":{"@type":"ImageObject","inLanguage":"it-IT","@id":"https:\/\/aneri.isialab.it\/lungarno\/#\/schema\/logo\/image\/","url":"https:\/\/aneri.isialab.it\/lungarno\/wp-content\/uploads\/2024\/08\/Lungarno-nero.png","contentUrl":"https:\/\/aneri.isialab.it\/lungarno\/wp-content\/uploads\/2024\/08\/Lungarno-nero.png","width":563,"height":109,"caption":"Lungarno Magazine"},"image":{"@id":"https:\/\/aneri.isialab.it\/lungarno\/#\/schema\/logo\/image\/"},"sameAs":["https:\/\/www.facebook.com\/lungarnofirenze\/","https:\/\/x.com\/LungarnoFirenze","https:\/\/www.instagram.com\/lungarnofirenze\/"]}]}},"uagb_featured_image_src":{"full":false,"thumbnail":false,"medium":false,"medium_large":false,"large":false,"1536x1536":false,"2048x2048":false},"uagb_author_info":{"display_name":"Maria Pia Cilenti","author_link":"https:\/\/aneri.isialab.it\/lungarno\/author\/maria-pia\/"},"uagb_comment_info":0,"uagb_excerpt":"CONTATTI LUNGARNO NON SIAMO DEGLI EXTRATERRESTRI, SCRIVICI! Sei nella sezione contatti di Lungarno, ma hai capitocosa facciamo? Ecco un brevissimo [&hellip;]","_links":{"self":[{"href":"https:\/\/aneri.isialab.it\/lungarno\/wp-json\/wp\/v2\/pages\/47","targetHints":{"allow":["GET"]}}],"collection":[{"href":"https:\/\/aneri.isialab.it\/lungarno\/wp-json\/wp\/v2\/pages"}],"about":[{"href":"https:\/\/aneri.isialab.it\/lungarno\/wp-json\/wp\/v2\/types\/page"}],"author":[{"embeddable":true,"href":"https:\/\/aneri.isialab.it\/lungarno\/wp-json\/wp\/v2\/users\/1"}],"replies":[{"embeddable":true,"href":"https:\/\/aneri.isialab.it\/lungarno\/wp-json\/wp\/v2\/comments?post=47"}],"version-history":[{"count":45,"href":"https:\/\/aneri.isialab.it\/lungarno\/wp-json\/wp\/v2\/pages\/47\/revisions"}],"predecessor-version":[{"id":1546,"href":"https:\/\/aneri.isialab.it\/lungarno\/wp-json\/wp\/v2\/pages\/47\/revisions\/1546"}],"wp:attachment":[{"href":"https:\/\/aneri.isialab.it\/lungarno\/wp-json\/wp\/v2\/media?parent=47"}],"curies":[{"name":"wp","href":"https:\/\/api.w.org\/{rel}","templated":true}]}}